{"id":285446,"date":"2022-10-17T22:28:04","date_gmt":"2022-10-17T20:28:04","guid":{"rendered":"https:\/\/iriparo.com\/non%20class\u00e9\/reparation-facade-arriere-huawei-p-smart-2019\/"},"modified":"2022-10-17T22:28:12","modified_gmt":"2022-10-17T20:28:12","slug":"reparation-facade-arriere-huawei-p-smart-2019","status":"publish","type":"product","link":"https:\/\/iriparo.com\/fr\/assistance-reparations-huawei-p-smart-2019\/reparation-facade-arriere-huawei-p-smart-2019\/","title":{"rendered":"R\u00e9paration Fa\u00e7ade arri\u00e8re"},"content":{"rendered":"<p>Avez-vous besoin de faire une <strong>R\u00e9paration Fa\u00e7ade arri\u00e8re<\/strong> par <strong>Huawei P Smart 2019<\/strong> ? iRiparo est la solution id\u00e9ale pour votre appareil. Sur votre P Smart 2019 sera fait la R\u00e9paration Fa\u00e7ade arri\u00e8re par nos techniciens sp\u00e9cialis\u00e9s qui vous garantiront une r\u00e9paration rapide et de qualit\u00e9.<\/p>\n<p>Notre cha\u00eene de franchises de r\u00e9parations express compte \u00e0 ce jour plus de <strong> points de vente<\/strong> actifs et nous avons une exp\u00e9rience de plus de 829000 r\u00e9parations. Ce n\u2019est pas tout ! En outre, toutes nos r\u00e9parations disposent d\u2019une garantie certifi\u00e9e de 12 mesi valable dans tout le pays. Ne pensez pas aux probl\u00e8mes, iRiparo est la solution.<\/p>\n","protected":false},"excerpt":{"rendered":"<p>Avez-vous besoin de faire une R\u00e9paration Fa\u00e7ade arri\u00e8re par Huawei P Smart 2019 ? iRiparo est la solution id\u00e9ale pour votre appareil&#8230;.<\/p>\n","protected":false},"featured_media":0,"comment_status":"closed","ping_status":"closed","template":"","meta":[],"product_cat":[91495,92627,91489],"product_tag":[],"_links":{"self":[{"href":"https:\/\/iriparo.com\/fr\/wp-json\/wp\/v2\/product\/285446"}],"collection":[{"href":"https:\/\/iriparo.com\/fr\/wp-json\/wp\/v2\/product"}],"about":[{"href":"https:\/\/iriparo.com\/fr\/wp-json\/wp\/v2\/types\/product"}],"replies":[{"embeddable":true,"href":"https:\/\/iriparo.com\/fr\/wp-json\/wp\/v2\/comments?post=285446"}],"wp:attachment":[{"href":"https:\/\/iriparo.com\/fr\/wp-json\/wp\/v2\/media?parent=285446"}],"wp:term":[{"taxonomy":"product_cat","embeddable":true,"href":"https:\/\/iriparo.com\/fr\/wp-json\/wp\/v2\/product_cat?post=285446"},{"taxonomy":"product_tag","embeddable":true,"href":"https:\/\/iriparo.com\/fr\/wp-json\/wp\/v2\/product_tag?post=285446"}],"curies":[{"name":"wp","href":"https:\/\/api.w.org\/{rel}","templated":true}]}}