{"id":285621,"date":"2022-10-17T22:38:53","date_gmt":"2022-10-17T20:38:53","guid":{"rendered":"https:\/\/iriparo.com\/non%20class\u00e9\/remplacement-haut-parleur-prise-jack-lg-k10-2017\/"},"modified":"2022-10-17T22:39:10","modified_gmt":"2022-10-17T20:39:10","slug":"remplacement-haut-parleur-prise-jack-lg-k10-2017","status":"publish","type":"product","link":"https:\/\/iriparo.com\/fr\/assistance-reparations-lg-k10-2017\/remplacement-haut-parleur-prise-jack-lg-k10-2017\/","title":{"rendered":"Remplacement Haut Parleur + Prise Jack"},"content":{"rendered":"<p>Avez-vous besoin de faire une <strong>Remplacement Haut Parleur + Prise Jack<\/strong> par <strong>LG K10 (2017)<\/strong> ? iRiparo est la solution id\u00e9ale pour votre appareil. Sur votre K10 (2017) sera fait la Remplacement Haut Parleur + Prise Jack par nos techniciens sp\u00e9cialis\u00e9s qui vous garantiront une r\u00e9paration rapide et de qualit\u00e9.<\/p>\n<p>Notre cha\u00eene de franchises de r\u00e9parations express compte \u00e0 ce jour plus de <strong> points de vente<\/strong> actifs et nous avons une exp\u00e9rience de plus de 829000 r\u00e9parations. Ce n\u2019est pas tout ! En outre, toutes nos r\u00e9parations disposent d\u2019une garantie certifi\u00e9e de 12 mesi valable dans tout le pays. Ne pensez pas aux probl\u00e8mes, iRiparo est la solution.<\/p>\n","protected":false},"excerpt":{"rendered":"<p>Avez-vous besoin de faire une Remplacement Haut Parleur + Prise Jack par LG K10 (2017) ? iRiparo est la solution id\u00e9ale pour&#8230;<\/p>\n","protected":false},"featured_media":0,"comment_status":"closed","ping_status":"closed","template":"","meta":[],"product_cat":[92684,91510,91489],"product_tag":[],"_links":{"self":[{"href":"https:\/\/iriparo.com\/fr\/wp-json\/wp\/v2\/product\/285621"}],"collection":[{"href":"https:\/\/iriparo.com\/fr\/wp-json\/wp\/v2\/product"}],"about":[{"href":"https:\/\/iriparo.com\/fr\/wp-json\/wp\/v2\/types\/product"}],"replies":[{"embeddable":true,"href":"https:\/\/iriparo.com\/fr\/wp-json\/wp\/v2\/comments?post=285621"}],"wp:attachment":[{"href":"https:\/\/iriparo.com\/fr\/wp-json\/wp\/v2\/media?parent=285621"}],"wp:term":[{"taxonomy":"product_cat","embeddable":true,"href":"https:\/\/iriparo.com\/fr\/wp-json\/wp\/v2\/product_cat?post=285621"},{"taxonomy":"product_tag","embeddable":true,"href":"https:\/\/iriparo.com\/fr\/wp-json\/wp\/v2\/product_tag?post=285621"}],"curies":[{"name":"wp","href":"https:\/\/api.w.org\/{rel}","templated":true}]}}