{"id":285976,"date":"2022-10-17T23:00:50","date_gmt":"2022-10-17T21:00:50","guid":{"rendered":"https:\/\/iriparo.com\/non%20class\u00e9\/remplacement-ecran-casse-realme-7-pro\/"},"modified":"2022-10-17T23:01:01","modified_gmt":"2022-10-17T21:01:01","slug":"remplacement-ecran-casse-realme-7-pro","status":"publish","type":"product","link":"https:\/\/iriparo.com\/fr\/assistance-reparations-realme-7-pro\/remplacement-ecran-casse-realme-7-pro\/","title":{"rendered":"Remplacement Vitre Tactile + Ecran LCD sans Chassis"},"content":{"rendered":"<p>L\u2019un des services les plus demand\u00e9s \u00e0 nos techniciens sp\u00e9cialis\u00e9s, selon une statistique interne de nos magasins, est le remplacement des \u00e9crans LCD cass\u00e9s d\u2019un Realme 7 Pro. Les accidents qui provoquent la rupture de l\u2019\u00e9cran d\u2019un portable sont tr\u00e8s fr\u00e9quents, vous n\u2019\u00eates pas malchanceux. Concentrez-vous sur la solution qui, par chance, est \u00e0 port\u00e9e de main : il vous suffit d\u2019emmener votre Realme 7 Pro \u00e0 l\u2019\u00e9cran cass\u00e9 dans l\u2019un de nos magasins iRiparo.<\/p>\n<p><strong>Nous remplacerons l\u2019\u00e9cran de votre t\u00e9l\u00e9phone portable par un \u00e9cran de haute qualit\u00e9 Realme ou par un \u00e9cran compatible, en vous garantissant un service de qualit\u00e9 \u00e0 un prix imbattable.<\/strong><\/p>\n<p>Notre personnel est continuellement form\u00e9 afin de vous offrir la meilleure assistance pour r\u00e9parer l\u2019\u00e9cran de votre Realme 7 Pro.<\/strong><\/p>\n<p>De plus, nous compl\u00e9terons le service de r\u00e9paration d&rsquo;\u00e9cran Realme 7 Pro par une garantie certifi\u00e9e de 12 mesi . Lorsque votre Realme 7 Pro tombe et que l\u2019\u00e9cran se brise en mille morceaux, ne pensez pas au probl\u00e8me : iRiparo est la solution.<\/p>\n","protected":false},"excerpt":{"rendered":"<p>L\u2019un des services les plus demand\u00e9s \u00e0 nos techniciens sp\u00e9cialis\u00e9s, selon une statistique interne de nos magasins, est le remplacement des \u00e9crans&#8230;<\/p>\n","protected":false},"featured_media":0,"comment_status":"closed","ping_status":"open","template":"","meta":[],"product_cat":[92824,91520,91489],"product_tag":[],"_links":{"self":[{"href":"https:\/\/iriparo.com\/fr\/wp-json\/wp\/v2\/product\/285976"}],"collection":[{"href":"https:\/\/iriparo.com\/fr\/wp-json\/wp\/v2\/product"}],"about":[{"href":"https:\/\/iriparo.com\/fr\/wp-json\/wp\/v2\/types\/product"}],"replies":[{"embeddable":true,"href":"https:\/\/iriparo.com\/fr\/wp-json\/wp\/v2\/comments?post=285976"}],"wp:attachment":[{"href":"https:\/\/iriparo.com\/fr\/wp-json\/wp\/v2\/media?parent=285976"}],"wp:term":[{"taxonomy":"product_cat","embeddable":true,"href":"https:\/\/iriparo.com\/fr\/wp-json\/wp\/v2\/product_cat?post=285976"},{"taxonomy":"product_tag","embeddable":true,"href":"https:\/\/iriparo.com\/fr\/wp-json\/wp\/v2\/product_tag?post=285976"}],"curies":[{"name":"wp","href":"https:\/\/api.w.org\/{rel}","templated":true}]}}