{"id":286389,"date":"2022-10-17T23:28:30","date_gmt":"2022-10-17T21:28:30","guid":{"rendered":"https:\/\/iriparo.com\/non%20class\u00e9\/devis-de-reparation-samsung-galaxy-a7-2018\/"},"modified":"2022-10-17T23:28:46","modified_gmt":"2022-10-17T21:28:46","slug":"devis-de-reparation-samsung-galaxy-a7-2018","status":"publish","type":"product","link":"https:\/\/iriparo.com\/fr\/assistance-reparations-samsung-galaxy-a7-2018\/devis-de-reparation-samsung-galaxy-a7-2018\/","title":{"rendered":"Diagnostic"},"content":{"rendered":"<p>Nos appareils pr\u00e9sentent souvent des probl\u00e8mes inattendus que nous ne pouvons pas identifier. Votre appareil pr\u00e9sente-t-il \u00e9galement un probl\u00e8me que vous ne pouvez pas r\u00e9soudre seul ? Ou votre appareil pr\u00e9sente-t-il peut-\u00eatre une panne de logiciel ? iRiparo est \u00e0 votre disposition pour vous offrir un devis rapide et \u00e9conomique pour tous les probl\u00e8mes que votre appareil peut rencontrer.<\/p>\n<p>Nous sommes pr\u00eats \u00e0 effectuer une analyse approfondie de votre <strong>Samsung Galaxy A7 (2018)<\/strong> et \u00e0 vous proposer la meilleure solution pour r\u00e9soudre votre probl\u00e8me. iRiparo est pr\u00e9sent dans toute l\u2019Europe avec plus de <strong> points de vente<\/strong> actifs.<\/p>\n<p>Chez iRiparo, nous nous occupons aussi de probl\u00e8mes logiciels, comme le formatage d\u2019un appareil, la mise \u00e0 jour du syst\u00e8me d\u2019exploitation, l\u2019ex\u00e9cution de transferts de donn\u00e9es entre t\u00e9l\u00e9phones portables et bien d\u2019autres choses encore. Recherchez votre magasin le plus proche, il y en a s\u00fbrement un pr\u00e8s de chez vous.<\/p>\n","protected":false},"excerpt":{"rendered":"<p>Nos appareils pr\u00e9sentent souvent des probl\u00e8mes inattendus que nous ne pouvons pas identifier. Votre appareil pr\u00e9sente-t-il \u00e9galement un probl\u00e8me que vous ne&#8230;<\/p>\n","protected":false},"featured_media":0,"comment_status":"closed","ping_status":"open","template":"","meta":[],"product_cat":[92959,91494,91489],"product_tag":[],"_links":{"self":[{"href":"https:\/\/iriparo.com\/fr\/wp-json\/wp\/v2\/product\/286389"}],"collection":[{"href":"https:\/\/iriparo.com\/fr\/wp-json\/wp\/v2\/product"}],"about":[{"href":"https:\/\/iriparo.com\/fr\/wp-json\/wp\/v2\/types\/product"}],"replies":[{"embeddable":true,"href":"https:\/\/iriparo.com\/fr\/wp-json\/wp\/v2\/comments?post=286389"}],"wp:attachment":[{"href":"https:\/\/iriparo.com\/fr\/wp-json\/wp\/v2\/media?parent=286389"}],"wp:term":[{"taxonomy":"product_cat","embeddable":true,"href":"https:\/\/iriparo.com\/fr\/wp-json\/wp\/v2\/product_cat?post=286389"},{"taxonomy":"product_tag","embeddable":true,"href":"https:\/\/iriparo.com\/fr\/wp-json\/wp\/v2\/product_tag?post=286389"}],"curies":[{"name":"wp","href":"https:\/\/api.w.org\/{rel}","templated":true}]}}