{"id":286411,"date":"2022-10-17T23:30:05","date_gmt":"2022-10-17T21:30:05","guid":{"rendered":"https:\/\/iriparo.com\/non%20class\u00e9\/remplacement-haut-parleur-nappe-nfc-samsung-galaxy-a8\/"},"modified":"2022-10-17T23:30:32","modified_gmt":"2022-10-17T21:30:32","slug":"remplacement-haut-parleur-nappe-nfc-samsung-galaxy-a8","status":"publish","type":"product","link":"https:\/\/iriparo.com\/fr\/assistance-reparations-samsung-galaxy-a8\/remplacement-haut-parleur-nappe-nfc-samsung-galaxy-a8\/","title":{"rendered":"Remplacement Haut Parleur + Nappe NFC"},"content":{"rendered":"<p>Avez-vous besoin de faire une <strong>Remplacement Haut Parleur + Nappe NFC<\/strong> par <strong>Samsung Galaxy A8<\/strong> ? iRiparo est la solution id\u00e9ale pour votre appareil. Sur votre Galaxy A8 sera fait la Remplacement Haut Parleur + Nappe NFC par nos techniciens sp\u00e9cialis\u00e9s qui vous garantiront une r\u00e9paration rapide et de qualit\u00e9.<\/p>\n<p>Notre cha\u00eene de franchises de r\u00e9parations express compte \u00e0 ce jour plus de <strong> points de vente<\/strong> actifs et nous avons une exp\u00e9rience de plus de 829000 r\u00e9parations. Ce n\u2019est pas tout ! En outre, toutes nos r\u00e9parations disposent d\u2019une garantie certifi\u00e9e de 12 mesi valable dans tout le pays. Ne pensez pas aux probl\u00e8mes, iRiparo est la solution.<\/p>\n","protected":false},"excerpt":{"rendered":"<p>Avez-vous besoin de faire une Remplacement Haut Parleur + Nappe NFC par Samsung Galaxy A8 ? iRiparo est la solution id\u00e9ale pour&#8230;<\/p>\n","protected":false},"featured_media":0,"comment_status":"closed","ping_status":"closed","template":"","meta":[],"product_cat":[92869,91494,91489],"product_tag":[],"_links":{"self":[{"href":"https:\/\/iriparo.com\/fr\/wp-json\/wp\/v2\/product\/286411"}],"collection":[{"href":"https:\/\/iriparo.com\/fr\/wp-json\/wp\/v2\/product"}],"about":[{"href":"https:\/\/iriparo.com\/fr\/wp-json\/wp\/v2\/types\/product"}],"replies":[{"embeddable":true,"href":"https:\/\/iriparo.com\/fr\/wp-json\/wp\/v2\/comments?post=286411"}],"wp:attachment":[{"href":"https:\/\/iriparo.com\/fr\/wp-json\/wp\/v2\/media?parent=286411"}],"wp:term":[{"taxonomy":"product_cat","embeddable":true,"href":"https:\/\/iriparo.com\/fr\/wp-json\/wp\/v2\/product_cat?post=286411"},{"taxonomy":"product_tag","embeddable":true,"href":"https:\/\/iriparo.com\/fr\/wp-json\/wp\/v2\/product_tag?post=286411"}],"curies":[{"name":"wp","href":"https:\/\/api.w.org\/{rel}","templated":true}]}}