{"id":286910,"date":"2022-10-18T00:03:00","date_gmt":"2022-10-17T22:03:00","guid":{"rendered":"https:\/\/iriparo.com\/non%20class\u00e9\/remplacement-haut-parleur-samsung-galaxy-s21-plus-5g\/"},"modified":"2022-10-18T00:03:15","modified_gmt":"2022-10-17T22:03:15","slug":"remplacement-haut-parleur-samsung-galaxy-s21-plus-5g","status":"publish","type":"product","link":"https:\/\/iriparo.com\/fr\/assistance-reparations-samsung-galaxy-s21-plus-5g\/remplacement-haut-parleur-samsung-galaxy-s21-plus-5g\/","title":{"rendered":"Remplacement Haut Parleur"},"content":{"rendered":"<p>Avez-vous besoin de faire une <strong>Remplacement Haut Parleur<\/strong> par <strong>Samsung Galaxy S21+ 5G<\/strong> ? iRiparo est la solution id\u00e9ale pour votre appareil. Sur votre Galaxy S21+ 5G sera fait la Remplacement Haut Parleur par nos techniciens sp\u00e9cialis\u00e9s qui vous garantiront une r\u00e9paration rapide et de qualit\u00e9.<\/p>\n<p>Notre cha\u00eene de franchises de r\u00e9parations express compte \u00e0 ce jour plus de <strong> points de vente<\/strong> actifs et nous avons une exp\u00e9rience de plus de 829000 r\u00e9parations. Ce n\u2019est pas tout ! En outre, toutes nos r\u00e9parations disposent d\u2019une garantie certifi\u00e9e de 12 mesi valable dans tout le pays. Ne pensez pas aux probl\u00e8mes, iRiparo est la solution.<\/p>\n","protected":false},"excerpt":{"rendered":"<p>Avez-vous besoin de faire une Remplacement Haut Parleur par Samsung Galaxy S21+ 5G ? iRiparo est la solution id\u00e9ale pour votre appareil&#8230;.<\/p>\n","protected":false},"featured_media":0,"comment_status":"closed","ping_status":"closed","template":"","meta":[],"product_cat":[92931,91494,91489],"product_tag":[],"_links":{"self":[{"href":"https:\/\/iriparo.com\/fr\/wp-json\/wp\/v2\/product\/286910"}],"collection":[{"href":"https:\/\/iriparo.com\/fr\/wp-json\/wp\/v2\/product"}],"about":[{"href":"https:\/\/iriparo.com\/fr\/wp-json\/wp\/v2\/types\/product"}],"replies":[{"embeddable":true,"href":"https:\/\/iriparo.com\/fr\/wp-json\/wp\/v2\/comments?post=286910"}],"wp:attachment":[{"href":"https:\/\/iriparo.com\/fr\/wp-json\/wp\/v2\/media?parent=286910"}],"wp:term":[{"taxonomy":"product_cat","embeddable":true,"href":"https:\/\/iriparo.com\/fr\/wp-json\/wp\/v2\/product_cat?post=286910"},{"taxonomy":"product_tag","embeddable":true,"href":"https:\/\/iriparo.com\/fr\/wp-json\/wp\/v2\/product_tag?post=286910"}],"curies":[{"name":"wp","href":"https:\/\/api.w.org\/{rel}","templated":true}]}}