{"id":287120,"date":"2022-10-18T00:16:58","date_gmt":"2022-10-17T22:16:58","guid":{"rendered":"https:\/\/iriparo.com\/non%20class\u00e9\/remplacement-batterie-samsung-galaxy-s9\/"},"modified":"2022-10-18T00:17:19","modified_gmt":"2022-10-17T22:17:19","slug":"remplacement-batterie-samsung-galaxy-s9","status":"publish","type":"product","link":"https:\/\/iriparo.com\/fr\/assistance-reparations-samsung-galaxy-s9\/remplacement-batterie-samsung-galaxy-s9\/","title":{"rendered":"Remplacement Batterie"},"content":{"rendered":"<p>Souvent, les gens viennent dans nos magasins en cherchant \u00e0 r\u00e9soudre un probl\u00e8me de batterie de leur t\u00e9l\u00e9phone portable : la batterie de leur Samsung Galaxy S9 ne dure plus aussi longtemps qu\u2019avant ou surchauffe. Votre portable pr\u00e9sente ce probl\u00e8me ?<\/p>\n<p>La solution pourrait \u00eatre le remplacement de la batterie de votre Samsung Galaxy S9. Il existe plusieurs raisons pour lesquelles les batteries peuvent cesser de fonctionner \u00e0 pleine capacit\u00e9 apr\u00e8s un certain temps, et chacune d\u2019entre elles peut causer des contretemps. Vous devez passer un appel urgent et votre portable s\u2019\u00e9teint, vous voulez prendre une photo au coucher du soleil ou envoyer un message \u00e0 une personne importante.<\/p>\n<p>Et alors ? Au lieu de vous mettre en col\u00e8re ou de transporter deux batteries externes, venez dans un centre iRiparo. Nous sommes leader europ\u00e9en en mati\u00e8re de <strong>r\u00e9paration express de t\u00e9l\u00e9phones portables et tablettes. Un des services les plus demand\u00e9s est le remplacement de batterie Samsung Galaxy S9.<\/strong><\/p>\n<p>Le remplacement de batterie Samsung Galaxy S9 est un jeu d\u2019enfants pour nous, comme le prouve notre garantie. Par cons\u00e9quent, tous les remplacements de batterie de Samsung Galaxy S9 sont assortis d\u2019une garantie de 6 mesi notre service de remplacements de batterie Samsung Galaxy S9 \u00e0 des prix imbattables et abordables.<\/p>\n","protected":false},"excerpt":{"rendered":"<p>Souvent, les gens viennent dans nos magasins en cherchant \u00e0 r\u00e9soudre un probl\u00e8me de batterie de leur t\u00e9l\u00e9phone portable : la batterie&#8230;<\/p>\n","protected":false},"featured_media":0,"comment_status":"closed","ping_status":"closed","template":"","meta":[],"product_cat":[92877,91494,91489],"product_tag":[],"_links":{"self":[{"href":"https:\/\/iriparo.com\/fr\/wp-json\/wp\/v2\/product\/287120"}],"collection":[{"href":"https:\/\/iriparo.com\/fr\/wp-json\/wp\/v2\/product"}],"about":[{"href":"https:\/\/iriparo.com\/fr\/wp-json\/wp\/v2\/types\/product"}],"replies":[{"embeddable":true,"href":"https:\/\/iriparo.com\/fr\/wp-json\/wp\/v2\/comments?post=287120"}],"wp:attachment":[{"href":"https:\/\/iriparo.com\/fr\/wp-json\/wp\/v2\/media?parent=287120"}],"wp:term":[{"taxonomy":"product_cat","embeddable":true,"href":"https:\/\/iriparo.com\/fr\/wp-json\/wp\/v2\/product_cat?post=287120"},{"taxonomy":"product_tag","embeddable":true,"href":"https:\/\/iriparo.com\/fr\/wp-json\/wp\/v2\/product_tag?post=287120"}],"curies":[{"name":"wp","href":"https:\/\/api.w.org\/{rel}","templated":true}]}}